{"id":171,"date":"2021-06-24T10:02:19","date_gmt":"2021-06-24T08:02:19","guid":{"rendered":"https:\/\/www.fgcosmetics.it\/?page_id=171"},"modified":"2021-06-24T10:04:41","modified_gmt":"2021-06-24T08:04:41","slug":"cookie-policy","status":"publish","type":"page","link":"https:\/\/www.fgcosmetics.it\/index.php\/cookie-policy\/","title":{"rendered":"Cookie Policy"},"content":{"rendered":"\t\t<div data-elementor-type=\"wp-page\" data-elementor-id=\"171\" class=\"elementor elementor-171\" data-elementor-settings=\"[]\">\n\t\t\t\t\t\t\t<div class=\"elementor-section-wrap\">\n\t\t\t\t\t\t\t<section class=\"elementor-section elementor-top-section elementor-element elementor-element-c93eb97 elementor-section-boxed elementor-section-height-default elementor-section-height-default\" data-id=\"c93eb97\" data-element_type=\"section\">\n\t\t\t\t\t\t<div class=\"elementor-container elementor-column-gap-default\">\n\t\t\t\t\t<div class=\"elementor-column elementor-col-100 elementor-top-column elementor-element elementor-element-2c6401a\" data-id=\"2c6401a\" data-element_type=\"column\">\n\t\t\t<div class=\"elementor-widget-wrap elementor-element-populated\">\n\t\t\t\t\t\t\t\t<div class=\"elementor-element elementor-element-bfccaab elementor-widget elementor-widget-text-editor\" data-id=\"bfccaab\" data-element_type=\"widget\" data-widget_type=\"text-editor.default\">\n\t\t\t\t<div class=\"elementor-widget-container\">\n\t\t\t\t\t\t\t\t<h3>Informazioni su questa cookie policy<\/h3><div>Questa politica sui cookie spiega cosa sono i cookie e come li utilizziamo, i tipi di cookie che utilizziamo, ovvero le informazioni che raccogliamo utilizzando i cookie e come tali informazioni vengono utilizzate e come controllare le preferenze dei cookie. Per ulteriori informazioni su come utilizziamo, archiviamo e proteggiamo i tuoi dati personali, consulta la nostra Informativa sulla privacy.<p>\u00a0<\/p><p>Puoi in qualsiasi momento modificare o revocare il tuo consenso dalla Dichiarazione sui cookie sul nostro sito web<\/p><p>Scopri di pi\u00f9 su chi siamo, come puoi contattarci e come trattiamo i dati personali nella nostra Informativa sulla privacy.<\/p><p>Il tuo consenso si applica ai seguenti domini:www.fgcosmetics.it<div class=\"cli_user_consent_state\">Il tuo stato attuale: Non \u00e8 stato concesso alcun consenso. <a class=\"cli_manage_current_consent\" style=\"cursor:pointer;text-decoration:underline;\">Gestisci il tuo consenso.<\/a> <\/div><\/p><\/div><h3>Cosa sono i cookies?<\/h3><div>I cookie sono piccoli file di testo che vengono utilizzati per memorizzare piccole informazioni. Vengono memorizzati sul tuo dispositivo quando il sito web viene caricato sul tuo browser. Questi cookie ci aiutano a far funzionare correttamente il sito web, renderlo pi\u00f9 sicuro, fornire una migliore esperienza utente e capire come funziona il sito web e analizzare cosa funziona e dove necessita di miglioramenti.<\/div><h3>Come utilizziamo i cookie?<\/h3><div>Come la maggior parte dei servizi online, il nostro sito web utilizza cookie proprietari e di terze parti per diversi scopi. I cookie proprietari sono per lo pi\u00f9 necessari affinch\u00e9 il sito web funzioni nel modo giusto e non raccolgono nessuno dei tuoi dati personali identificabili.<p>\u00a0<\/p><p>I cookie di terze parti utilizzati sul nostro sito web servono principalmente per capire come funziona il sito web, come interagisci con il nostro sito web, mantenere i nostri servizi sicuri, fornire annunci pubblicitari rilevanti per te e, nel complesso, fornirti un utente migliore e migliorato sperimentare e aiutare ad accelerare le future interazioni con il nostro sito web.<\/p><\/div><h3>Come posso controllare le preferenze sui cookie?<\/h3><div>Se decidi di modificare le tue preferenze in un secondo momento durante la sessione di navigazione, puoi fare clic sulla scheda &#8220;Privacy e Cookie Policy&#8221; sullo schermo. Ci\u00f2 visualizzer\u00e0 nuovamente l&#8217;avviso di consenso che ti consentir\u00e0 di modificare le tue preferenze o ritirare completamente il tuo consenso.<p>\u00a0<\/p><p>Oltre a ci\u00f2, diversi browser forniscono diversi metodi per bloccare ed eliminare i cookie utilizzati dai siti web. Puoi modificare le impostazioni del tuo browser per bloccare \/ eliminare i cookie. Per saperne di pi\u00f9 su come gestire ed eliminare i cookie, visitawikipedia.org, www.allaboutcookies.org.<\/p><\/div>\t\t\t\t\t\t<\/div>\n\t\t\t\t<\/div>\n\t\t\t\t\t<\/div>\n\t\t<\/div>\n\t\t\t\t\t\t\t<\/div>\n\t\t<\/section>\n\t\t\t\t\t\t<\/div>\n\t\t\t\t\t<\/div>\n\t\t","protected":false},"excerpt":{"rendered":"<p>Informazioni su questa cookie policy Questa politica sui cookie spiega cosa sono i cookie e come li utilizziamo, i tipi &hellip; <span class=\"more-button\"><a href=\"https:\/\/www.fgcosmetics.it\/index.php\/cookie-policy\/\" class=\"more-link\">Continue Reading<span class=\"screen-reader-text\">Cookie Policy<\/span><\/a><\/span><\/p>\n","protected":false},"author":1,"featured_media":0,"parent":0,"menu_order":0,"comment_status":"closed","ping_status":"closed","template":"","meta":[],"_links":{"self":[{"href":"https:\/\/www.fgcosmetics.it\/index.php\/wp-json\/wp\/v2\/pages\/171"}],"collection":[{"href":"https:\/\/www.fgcosmetics.it\/index.php\/wp-json\/wp\/v2\/pages"}],"about":[{"href":"https:\/\/www.fgcosmetics.it\/index.php\/wp-json\/wp\/v2\/types\/page"}],"author":[{"embeddable":true,"href":"https:\/\/www.fgcosmetics.it\/index.php\/wp-json\/wp\/v2\/users\/1"}],"replies":[{"embeddable":true,"href":"https:\/\/www.fgcosmetics.it\/index.php\/wp-json\/wp\/v2\/comments?post=171"}],"version-history":[{"count":5,"href":"https:\/\/www.fgcosmetics.it\/index.php\/wp-json\/wp\/v2\/pages\/171\/revisions"}],"predecessor-version":[{"id":176,"href":"https:\/\/www.fgcosmetics.it\/index.php\/wp-json\/wp\/v2\/pages\/171\/revisions\/176"}],"wp:attachment":[{"href":"https:\/\/www.fgcosmetics.it\/index.php\/wp-json\/wp\/v2\/media?parent=171"}],"curies":[{"name":"wp","href":"https:\/\/api.w.org\/{rel}","templated":true}]}}